{"id":791,"date":"2020-04-12T14:34:45","date_gmt":"2020-04-12T11:34:45","guid":{"rendered":"http:\/\/www.espoonlahdenteatteri.fi\/?page_id=791"},"modified":"2020-05-26T08:23:16","modified_gmt":"2020-05-26T05:23:16","slug":"elakepommi-2019","status":"publish","type":"page","link":"https:\/\/www.espoonlahdenteatteri.fi\/?page_id=791","title":{"rendered":"EL\u00c4KEPOMMI (2019)"},"content":{"rendered":"\n<p><span style=\"font-size: 18pt;\">Musikaalikomedia <\/span><br \/><a href=\"https:\/\/www.facebook.com\/events\/325002198204372\/\"><span style=\"font-size: 18pt;\"> <strong>EL\u00c4KEPOMMI<\/strong><\/span><\/a><br \/><span style=\"font-size: 18pt;\">ensi-ilta 3.4.2019<\/span><br \/><span style=\"font-size: 18pt;\"> Espoonlahden teatterin esitt\u00e4m\u00e4n\u00e4<\/span><\/p>\n<p><span style=\"font-size: 14pt;\">Tuure Antero Vallisella on asiat hyvin, on terveytt\u00e4, ihana vaimo, oma koti ja kes\u00e4m\u00f6kki, lapset ovat jo aikuisia eik\u00e4 velkaa ole mihink\u00e4\u00e4n. Tuure on p\u00e4\u00e4tt\u00e4nyt, ett\u00e4 nyt on oikea aika pist\u00e4\u00e4 s\u00e4\u00e4st\u00f6t likoon ja el\u00e4kepaperit vet\u00e4m\u00e4\u00e4n. Mutta toteutuuko Tuuren toive el\u00e4kep\u00e4ivist\u00e4?<\/span><\/p>\n<p><span style=\"font-size: 14pt;\">Musikaalikomedia El\u00e4kepommi on hauska, ajatuksia her\u00e4tt\u00e4v\u00e4, kiper\u00e4n hulvaton parodia ajan ilmi\u00f6ist\u00e4. Se k\u00e4sittelee musiikin, komedian ja parodian keinoin niin kovin ajankohtaista suurten ik\u00e4luokkien el\u00e4kekysymyst\u00e4.<\/span><br \/><span style=\"font-size: 14pt;\">El\u00e4kepommi sai kantaesityksens\u00e4 vuonna 2009 Tampereen teatterissa. N\u00e4ytelm\u00e4n musiikin on s\u00e4velt\u00e4nyt Lasse Heikkil\u00e4. Espoonlahden teatterille n\u00e4ytelm\u00e4n ohjaa Anu H\u00e4lv\u00e4, my\u00f6s suosikkisarjojen Metsolat ja Blondi tuli taloon t\u00e4hti. N\u00e4ytelm\u00e4n on kirjoittanut my\u00f6s Metsolat sarjasta tuttu\u00a0Kari Hakala yhdess\u00e4 Tytti Issakaisen kanssa. Musiikin n\u00e4ytelm\u00e4\u00e4n on s\u00e4velt\u00e4nyt Lasse Heikkil\u00e4.<\/span><\/p>\n<p>https:\/\/www.lansivayla.fi\/paikalliset\/1347317<\/p>\n<p><span style=\"font-size: 14pt;\">Ty\u00f6ryhm\u00e4:<\/span><br \/><span style=\"font-size: 14pt;\"> Jarmo Lius<\/span><br \/><span style=\"font-size: 14pt;\"> Tanja Talvensalo<\/span><br \/><span style=\"font-size: 14pt;\"> Tara Veps\u00e4l\u00e4inen<\/span><br \/><span style=\"font-size: 14pt;\"> Sami Alardt<\/span><br \/><span style=\"font-size: 14pt;\"> Esa Paukku<\/span><br \/><span style=\"font-size: 14pt;\"> Markus Liukkonen<\/span><br \/><span style=\"font-size: 14pt;\"> Harri Kallio<\/span><br \/><span style=\"font-size: 14pt;\"> Miia Nurmi<\/span><br \/><span style=\"font-size: 14pt;\"> Satu Grekin<\/span><br \/><span style=\"font-size: 14pt;\"> Ricu Talvensalo<\/span><br \/><span style=\"font-size: 14pt;\"> Emma Heikkil\u00e4<\/span><br \/><span style=\"font-size: 14pt;\"> Anni Kurkela<\/span><br \/><span style=\"font-size: 14pt;\"> Katri Thurman<\/span><br \/><span style=\"font-size: 14pt;\"> Pia Nissinen<\/span><br \/><span style=\"font-size: 14pt;\"> Maija Varjus<\/span><\/p>\n<p><span style=\"font-size: 14pt;\">Musiikin toteutus yhteisty\u00f6ss\u00e4 Ammattiopisto Live, muusikko- ja musiikkiteknologiaopiskelijat<\/span><\/p>\n","protected":false},"excerpt":{"rendered":"<p>Musikaalikomedia EL\u00c4KEPOMMIensi-ilta 3.4.2019 Espoonlahden teatterin esitt\u00e4m\u00e4n\u00e4 Tuure Antero Vallisella on asiat hyvin, on terveytt\u00e4, ihana vaimo, oma koti ja kes\u00e4m\u00f6kki, lapset ovat jo aikuisia eik\u00e4 velkaa ole mihink\u00e4\u00e4n. Tuure on p\u00e4\u00e4tt\u00e4nyt, ett\u00e4 nyt on oikea aika pist\u00e4\u00e4 s\u00e4\u00e4st\u00f6t likoon ja el\u00e4kepaperit vet\u00e4m\u00e4\u00e4n. Mutta toteutuuko Tuuren toive el\u00e4kep\u00e4ivist\u00e4? Musikaalikomedia El\u00e4kepommi on hauska, ajatuksia her\u00e4tt\u00e4v\u00e4, kiper\u00e4n hulvaton [&hellip;]<\/p>\n","protected":false},"author":1,"featured_media":0,"parent":0,"menu_order":0,"comment_status":"closed","ping_status":"closed","template":"","meta":[],"_links":{"self":[{"href":"https:\/\/www.espoonlahdenteatteri.fi\/index.php?rest_route=\/wp\/v2\/pages\/791"}],"collection":[{"href":"https:\/\/www.espoonlahdenteatteri.fi\/index.php?rest_route=\/wp\/v2\/pages"}],"about":[{"href":"https:\/\/www.espoonlahdenteatteri.fi\/index.php?rest_route=\/wp\/v2\/types\/page"}],"author":[{"embeddable":true,"href":"https:\/\/www.espoonlahdenteatteri.fi\/index.php?rest_route=\/wp\/v2\/users\/1"}],"replies":[{"embeddable":true,"href":"https:\/\/www.espoonlahdenteatteri.fi\/index.php?rest_route=%2Fwp%2Fv2%2Fcomments&post=791"}],"version-history":[{"count":4,"href":"https:\/\/www.espoonlahdenteatteri.fi\/index.php?rest_route=\/wp\/v2\/pages\/791\/revisions"}],"predecessor-version":[{"id":877,"href":"https:\/\/www.espoonlahdenteatteri.fi\/index.php?rest_route=\/wp\/v2\/pages\/791\/revisions\/877"}],"wp:attachment":[{"href":"https:\/\/www.espoonlahdenteatteri.fi\/index.php?rest_route=%2Fwp%2Fv2%2Fmedia&parent=791"}],"curies":[{"name":"wp","href":"https:\/\/api.w.org\/{rel}","templated":true}]}}