{"id":403,"date":"2018-01-24T16:43:44","date_gmt":"2018-01-24T14:43:44","guid":{"rendered":"http:\/\/www.espoonlahdenteatteri.fi\/?page_id=403"},"modified":"2026-04-06T16:19:38","modified_gmt":"2026-04-06T13:19:38","slug":"etusivu-2","status":"publish","type":"page","link":"https:\/\/www.espoonlahdenteatteri.fi\/","title":{"rendered":"Espoonlahden teatteri"},"content":{"rendered":"<h5><\/h5>\n<h5>ELTin kev\u00e4t 2026 t\u00e4ynn\u00e4 ty\u00f6pajoja!<\/h5>\n<p>Espoonlahden teatterin vuosi 2026 on k\u00e4ynnistynyt ty\u00f6pajailulla: k\u00e4sikirjoitusty\u00f6pajassa olemme kehitelleet uuden komedian\u00e4ytelm\u00e4n teksti\u00e4 ja n\u00e4yttelij\u00e4nty\u00f6n ty\u00f6pajassa opiskelleet\/kerranneet n\u00e4yttelij\u00e4nty\u00f6n perusteita. Seuraavaksi olemme j\u00e4rjest\u00e4m\u00e4ss\u00e4 molempien ty\u00f6pajojen hedelmi\u00e4 yhdistelev\u00e4\u00e4 jatkoty\u00f6pajaa, jossa jatkamme n\u00e4yttelij\u00e4nty\u00f6n hienouksiin pureutumista k\u00e4sikirjoitusty\u00f6pajassa tuotettuja tekstej\u00e4 hy\u00f6dynt\u00e4en. Lue lis\u00e4\u00e4 Kurssit-alasivulta ja ilmoittaudu mukaan!<\/p>\n<p><img src=\"http:\/\/www.espoonlahdenteatteri.fi\/wp-content\/uploads\/2025\/12\/Lavalta.jpg\" \/><\/p>\n<p style=\"text-align: center;\"><span style=\"color: #f48200;\"><strong style=\"font-size: 14pt;\"><span class=\"s1\">ILOA JA <span style=\"background-color: #ffffff;\">IHMISEN\u00c4<\/span> <span style=\"color: #f48200;\">KASVAMISTA<\/span><\/span><\/strong><\/span><\/p>\n<p class=\"p2\"><span class=\"s1\" style=\"font-size: 14pt;\">Espoonlahden teatteri on jo vuodesta 1983 tarjonnut espoolaisille teatterissak\u00e4vij\u00f6ille kokemuksia, tunteita ja ajattelemisen aihetta. Matinkyl\u00e4n monitoimitalon n\u00e4ytt\u00e4m\u00f6ll\u00e4 \u2013 ja katsomossa \u2013 on naurettu, naurettu paljon, itketty ja v\u00e4lill\u00e4 oltu aivan hiljaa.<\/span><\/p>\n<p class=\"p2\"><span class=\"s1\" style=\"font-size: 14pt;\">Haluamme tehd\u00e4 esityksi\u00e4, jotka katsoja voi tuntea jokaisella aistillaan. Haluamme, ett\u00e4 katsoja kokee saman ihmeen kuin me tekij\u00e4t. Kun tarinat syttyv\u00e4t el\u00e4m\u00e4\u00e4n teatterin lavalla, ja katsoja voi uskoa joka ikisen sanan ja teon todeksi.<\/span><\/p>\n<p class=\"p2\"><span class=\"s1\" style=\"font-size: 14pt;\">Teemme sit\u00e4, mik\u00e4 meille on t\u00e4rke\u00e4\u00e4, mist\u00e4 nautimme ja miss\u00e4 voimme haastaa itsemme. T\u00e4m\u00e4 on arvokas tekij\u00e4 teatterissamme, sill\u00e4 el\u00e4mme maailmassa, jossa yhdess\u00e4 tekeminen ja uurastus pelk\u00e4n ilon takia alkaa olla uhanalaista.<\/span><\/p>\n<p class=\"p2\"><span class=\"s1\" style=\"font-size: 14pt;\">Kaiken t\u00e4m\u00e4n haluamme jakaa katsojien kanssa.<\/span><\/p>\n<p class=\"p2\"><span class=\"s1\" style=\"font-size: 14pt;\">Oletko sin\u00e4 kiinnostunut teatteri-ilmaisusta? Etsitk\u00f6 uutta harrastusta? Haluatko palata vanhan harrastuksesi pariin? Etsitk\u00f6 jotain uutta juttua el\u00e4m\u00e4\u00e4si?\u00a0<span style=\"color: #ff9900;\"><a style=\"color: #ff9900;\" href=\"http:\/\/www.espoonlahdenteatteri.fi\/?page_id=13\"><span class=\"s2\">Tule mukaan joukkoomme!<\/span><\/a><\/span><\/span><\/p>\n","protected":false},"excerpt":{"rendered":"<p>ELTin kev\u00e4t 2026 t\u00e4ynn\u00e4 ty\u00f6pajoja! Espoonlahden teatterin vuosi 2026 on k\u00e4ynnistynyt ty\u00f6pajailulla: k\u00e4sikirjoitusty\u00f6pajassa olemme kehitelleet uuden komedian\u00e4ytelm\u00e4n teksti\u00e4 ja n\u00e4yttelij\u00e4nty\u00f6n ty\u00f6pajassa opiskelleet\/kerranneet n\u00e4yttelij\u00e4nty\u00f6n perusteita. Seuraavaksi olemme j\u00e4rjest\u00e4m\u00e4ss\u00e4 molempien ty\u00f6pajojen hedelmi\u00e4 yhdistelev\u00e4\u00e4 jatkoty\u00f6pajaa, jossa jatkamme n\u00e4yttelij\u00e4nty\u00f6n hienouksiin pureutumista k\u00e4sikirjoitusty\u00f6pajassa tuotettuja tekstej\u00e4 hy\u00f6dynt\u00e4en. Lue lis\u00e4\u00e4 Kurssit-alasivulta ja ilmoittaudu mukaan! ILOA JA IHMISEN\u00c4 KASVAMISTA Espoonlahden teatteri on jo [&hellip;]<\/p>\n","protected":false},"author":1,"featured_media":0,"parent":0,"menu_order":1,"comment_status":"closed","ping_status":"closed","template":"","meta":[],"_links":{"self":[{"href":"https:\/\/www.espoonlahdenteatteri.fi\/index.php?rest_route=\/wp\/v2\/pages\/403"}],"collection":[{"href":"https:\/\/www.espoonlahdenteatteri.fi\/index.php?rest_route=\/wp\/v2\/pages"}],"about":[{"href":"https:\/\/www.espoonlahdenteatteri.fi\/index.php?rest_route=\/wp\/v2\/types\/page"}],"author":[{"embeddable":true,"href":"https:\/\/www.espoonlahdenteatteri.fi\/index.php?rest_route=\/wp\/v2\/users\/1"}],"replies":[{"embeddable":true,"href":"https:\/\/www.espoonlahdenteatteri.fi\/index.php?rest_route=%2Fwp%2Fv2%2Fcomments&post=403"}],"version-history":[{"count":78,"href":"https:\/\/www.espoonlahdenteatteri.fi\/index.php?rest_route=\/wp\/v2\/pages\/403\/revisions"}],"predecessor-version":[{"id":1345,"href":"https:\/\/www.espoonlahdenteatteri.fi\/index.php?rest_route=\/wp\/v2\/pages\/403\/revisions\/1345"}],"wp:attachment":[{"href":"https:\/\/www.espoonlahdenteatteri.fi\/index.php?rest_route=%2Fwp%2Fv2%2Fmedia&parent=403"}],"curies":[{"name":"wp","href":"https:\/\/api.w.org\/{rel}","templated":true}]}}