{"id":107,"date":"2016-10-15T17:07:29","date_gmt":"2016-10-15T14:07:29","guid":{"rendered":"http:\/\/www.espoonlahdenteatteri.fi\/?page_id=107"},"modified":"2016-10-15T17:40:35","modified_gmt":"2016-10-15T14:40:35","slug":"sofokles-oidipus-2006","status":"publish","type":"page","link":"https:\/\/www.espoonlahdenteatteri.fi\/?page_id=107","title":{"rendered":"SOFOKLES: OIDIPUS (2006)"},"content":{"rendered":"<p class=\"p8\"><strong><span class=\"s1\">Sofokles: Oidipus (2006)<\/span><\/strong><\/p>\n<p class=\"p2\"><img loading=\"lazy\" class=\"alignnone size-medium wp-image-81\" src=\"http:\/\/www.espoonlahdenteatteri.fi\/wp-content\/uploads\/2016\/10\/oidipus-juliste-300x189.jpg\" alt=\"oidipus-juliste\" width=\"300\" height=\"189\" srcset=\"https:\/\/www.espoonlahdenteatteri.fi\/wp-content\/uploads\/2016\/10\/oidipus-juliste-300x189.jpg 300w, https:\/\/www.espoonlahdenteatteri.fi\/wp-content\/uploads\/2016\/10\/oidipus-juliste.jpg 550w\" sizes=\"(max-width: 300px) 100vw, 300px\" \/><\/p>\n<p class=\"p2\"><span class=\"s1\">Esitykset Matinkyl\u00e4n monitoimitalon teatterissa 25.3. &#8211; 22.4.2006.<\/span><\/p>\n<p class=\"p2\"><span class=\"s1\">Kadmoksen valtakunnassa levi\u00e4\u00e4 rutto. Vilja kuivuu ennen kypsymist\u00e4\u00e4n. N\u00e4l\u00e4nh\u00e4t\u00e4 ja kapinointi uhkaavat. Kuningas Oidipuksen on pakko selvitt\u00e4\u00e4 tuhon syyt. Oidipus on tragedia tuhosta, sokeasta uskosta kohtaloon, ehdottomuudesta ja itsep\u00e4isest\u00e4 totuuden esiin kaivamisesta. Se kertoo rakkaudesta, h\u00e4pe\u00e4st\u00e4, valtataistelusta naamioiden takana ja itse\u00e4\u00e4n toteuttavista ennustuksista.<\/span><\/p>\n<p class=\"p2\"><span class=\"s1\">\u00a0<\/span><\/p>\n<p class=\"p2\"><span class=\"s1\">Sofokleen Oidipus hiljaisena, sanattomana n\u00e4ytelm\u00e4n\u00e4.<\/span><\/p>\n<p class=\"p2\"><span class=\"s1\">Sovitus ja ohjaus: Matti Rasilainen<\/span><span class=\"s2\"><br \/>\n<\/span><span class=\"s1\">Lavastus, puvustus, muut naamiot, graafinen suunnittelu: Milja Valtonen<\/span><span class=\"s2\"><br \/>\n<\/span><span class=\"s1\">Valot: Satu Leskinen<\/span><span class=\"s2\"><br \/>\n<\/span><span class=\"s1\">Lintunaamio: Velda Parikkinen<\/span><\/p>\n<p class=\"p2\"><span class=\"s1\">Rooleissa:<\/span><span class=\"s2\"><br \/>\n<\/span><span class=\"s1\">Oidipus \/ Juho Jakka<\/span><span class=\"s2\"><br \/>\n<\/span><span class=\"s1\">Kertoja, paimen \/ Irja Asikainen<\/span><span class=\"s2\"><br \/>\n<\/span><span class=\"s1\">Iokaste, Lintujumala, palvelija \/ Hanna Mykk\u00e4nen<\/span><span class=\"s2\"><br \/>\n<\/span><span class=\"s1\">Kreon, Teiresias, l\u00e4hetti \/ Simo Lyly<\/span><\/p>\n<p class=\"p2\"><span class=\"s1\">T\u00e4m\u00e4 produktio valittiin Sein\u00e4joen harrastajateatterikes\u00e4\u00e4n 2006.\u00a0<\/span><\/p>\n<p class=\"p8\"><span class=\"s1\">Outi Ahola ja Erikka Jussila: Hypermarket (2005)<\/span><\/p>\n<p class=\"p2\"><span class=\"s1\">(Esitykset Ilves-teatterissa 21.1. &#8211; 5.2.2005.)<\/span><\/p>\n<p class=\"p2\"><span class=\"s1\">Supermarket Elovalinnan k\u00e4yt\u00e4vill\u00e4 sy\u00f6ks\u00e4htelev\u00e4t niin asiakkaat, kuin Amorin nuoletkin. Hyllyjen v\u00e4liss\u00e4 k\u00e4yd\u00e4\u00e4n ankaraa kamppailua parisuhdemarkkinoilla. Lihamestari halkoo syd\u00e4mi\u00e4 ja uusi luontaistuotemyyj\u00e4 sekoittaa pakan Eden-sarjallaan. Hypermarket on romanttinen komedia ripauksella mustaa huumoria. Mill\u00e4 ehdoilla parisuhde syntyy, kest\u00e4\u00e4 ja kehittyy?<\/span><\/p>\n<p class=\"p2\"><span class=\"s1\">K\u00e4sikirjoitus: Outi Ahola ja Erikka Jussila<\/span><span class=\"s2\"><br \/>\n<\/span><span class=\"s1\">Sovitus ja ohjaus: Anu Puska<\/span><\/p>\n<p class=\"p2\"><span class=\"s1\">Lavastus, valo- ja \u00e4\u00e4nisuunnittelu: Lauri Lundahl<\/span><span class=\"s2\"><br \/>\n<\/span><span class=\"s1\">Juliste ja k\u00e4siohjelma: Hannu Hurme<\/span><span class=\"s2\"><br \/>\n<\/span><span class=\"s1\">Puvustus: ty\u00f6ryhm\u00e4<\/span><\/p>\n<p class=\"p2\"><span class=\"s1\">Rooleissa:<\/span><span class=\"s2\"><br \/>\n<\/span><span class=\"s1\">Irja Asikainen<\/span><span class=\"s2\"><br \/>\n<\/span><span class=\"s1\">Kari Hilvenius<\/span><span class=\"s2\"><br \/>\n<\/span><span class=\"s1\">Hannu Hurme<\/span><span class=\"s2\"><br \/>\n<\/span><span class=\"s1\">Suvi Jumppanen<\/span><span class=\"s2\"><br \/>\n<\/span><span class=\"s1\">Nina Kuuj\u00e4rvi<\/span><span class=\"s2\"><br \/>\n<\/span><span class=\"s1\">Mikko Lautiainen<\/span><span class=\"s2\"><br \/>\n<\/span><span class=\"s1\">Hinriikka Lindqvist<\/span><span class=\"s2\"><br \/>\n<\/span><span class=\"s1\">Simo Lyly<\/span><span class=\"s2\"><br \/>\n<\/span><span class=\"s1\">Hanna Mykk\u00e4nen<\/span><span class=\"s2\"><br \/>\n<\/span><span class=\"s1\">\u00a0<\/span><\/p>\n","protected":false},"excerpt":{"rendered":"<p>Sofokles: Oidipus (2006) Esitykset Matinkyl\u00e4n monitoimitalon teatterissa 25.3. &#8211; 22.4.2006. Kadmoksen valtakunnassa levi\u00e4\u00e4 rutto. Vilja kuivuu ennen kypsymist\u00e4\u00e4n. N\u00e4l\u00e4nh\u00e4t\u00e4 ja kapinointi uhkaavat. Kuningas Oidipuksen on pakko selvitt\u00e4\u00e4 tuhon syyt. Oidipus on tragedia tuhosta, sokeasta uskosta kohtaloon, ehdottomuudesta ja itsep\u00e4isest\u00e4 totuuden esiin kaivamisesta. Se kertoo rakkaudesta, h\u00e4pe\u00e4st\u00e4, valtataistelusta naamioiden takana ja itse\u00e4\u00e4n toteuttavista ennustuksista. \u00a0 Sofokleen [&hellip;]<\/p>\n","protected":false},"author":1,"featured_media":0,"parent":17,"menu_order":9,"comment_status":"closed","ping_status":"closed","template":"","meta":[],"_links":{"self":[{"href":"https:\/\/www.espoonlahdenteatteri.fi\/index.php?rest_route=\/wp\/v2\/pages\/107"}],"collection":[{"href":"https:\/\/www.espoonlahdenteatteri.fi\/index.php?rest_route=\/wp\/v2\/pages"}],"about":[{"href":"https:\/\/www.espoonlahdenteatteri.fi\/index.php?rest_route=\/wp\/v2\/types\/page"}],"author":[{"embeddable":true,"href":"https:\/\/www.espoonlahdenteatteri.fi\/index.php?rest_route=\/wp\/v2\/users\/1"}],"replies":[{"embeddable":true,"href":"https:\/\/www.espoonlahdenteatteri.fi\/index.php?rest_route=%2Fwp%2Fv2%2Fcomments&post=107"}],"version-history":[{"count":3,"href":"https:\/\/www.espoonlahdenteatteri.fi\/index.php?rest_route=\/wp\/v2\/pages\/107\/revisions"}],"predecessor-version":[{"id":148,"href":"https:\/\/www.espoonlahdenteatteri.fi\/index.php?rest_route=\/wp\/v2\/pages\/107\/revisions\/148"}],"up":[{"embeddable":true,"href":"https:\/\/www.espoonlahdenteatteri.fi\/index.php?rest_route=\/wp\/v2\/pages\/17"}],"wp:attachment":[{"href":"https:\/\/www.espoonlahdenteatteri.fi\/index.php?rest_route=%2Fwp%2Fv2%2Fmedia&parent=107"}],"curies":[{"name":"wp","href":"https:\/\/api.w.org\/{rel}","templated":true}]}}