{"id":9,"date":"2016-10-14T22:14:26","date_gmt":"2016-10-14T19:14:26","guid":{"rendered":"http:\/\/www.espoonlahdenteatteri.fi\/?page_id=9"},"modified":"2016-12-04T14:43:43","modified_gmt":"2016-12-04T12:43:43","slug":"etsitko-avustajia","status":"publish","type":"page","link":"http:\/\/www.espoonlahdenteatteri.fi\/?page_id=9","title":{"rendered":"ETSITK\u00d6 AVUSTAJIA?"},"content":{"rendered":"<p class=\"p1\"><span style=\"color: #ff9900;\"><strong><span class=\"s1\">ETSITK\u00d6 AVUSTAJIA?<\/span><\/strong><\/span><\/p>\n<p class=\"p2\"><span class=\"s1\">Jos etsit avustajia filmiin, mainoskuvauksiin, radiomainoksiin, yleis\u00f6\u00e4 TV-ohjelmaan &#8230; ota yhteytt\u00e4:<\/span><\/p>\n<p class=\"p3\"><span class=\"s1\"><a href=\"mailto:elteatteri@gmail.com\">elteatteri@gmail.com<\/a><\/span><\/p>\n","protected":false},"excerpt":{"rendered":"<p>ETSITK\u00d6 AVUSTAJIA? Jos etsit avustajia filmiin, mainoskuvauksiin, radiomainoksiin, yleis\u00f6\u00e4 TV-ohjelmaan &#8230; ota yhteytt\u00e4: elteatteri@gmail.com<\/p>\n","protected":false},"author":1,"featured_media":0,"parent":11,"menu_order":5,"comment_status":"closed","ping_status":"closed","template":"","meta":[],"_links":{"self":[{"href":"http:\/\/www.espoonlahdenteatteri.fi\/index.php?rest_route=\/wp\/v2\/pages\/9"}],"collection":[{"href":"http:\/\/www.espoonlahdenteatteri.fi\/index.php?rest_route=\/wp\/v2\/pages"}],"about":[{"href":"http:\/\/www.espoonlahdenteatteri.fi\/index.php?rest_route=\/wp\/v2\/types\/page"}],"author":[{"embeddable":true,"href":"http:\/\/www.espoonlahdenteatteri.fi\/index.php?rest_route=\/wp\/v2\/users\/1"}],"replies":[{"embeddable":true,"href":"http:\/\/www.espoonlahdenteatteri.fi\/index.php?rest_route=%2Fwp%2Fv2%2Fcomments&post=9"}],"version-history":[{"count":5,"href":"http:\/\/www.espoonlahdenteatteri.fi\/index.php?rest_route=\/wp\/v2\/pages\/9\/revisions"}],"predecessor-version":[{"id":213,"href":"http:\/\/www.espoonlahdenteatteri.fi\/index.php?rest_route=\/wp\/v2\/pages\/9\/revisions\/213"}],"up":[{"embeddable":true,"href":"http:\/\/www.espoonlahdenteatteri.fi\/index.php?rest_route=\/wp\/v2\/pages\/11"}],"wp:attachment":[{"href":"http:\/\/www.espoonlahdenteatteri.fi\/index.php?rest_route=%2Fwp%2Fv2%2Fmedia&parent=9"}],"curies":[{"name":"wp","href":"https:\/\/api.w.org\/{rel}","templated":true}]}}