{"id":442,"date":"2019-02-25T20:48:46","date_gmt":"2019-02-25T18:48:46","guid":{"rendered":"http:\/\/www.espoonlahdenteatteri.fi\/?page_id=442"},"modified":"2021-07-27T15:17:25","modified_gmt":"2021-07-27T12:17:25","slug":"musikaalikomedia-elakepommi-kevaalla-2019","status":"publish","type":"page","link":"http:\/\/www.espoonlahdenteatteri.fi\/?page_id=442","title":{"rendered":"MINUSTAKO MINISTERI (2020)"},"content":{"rendered":"<h1 class=\"p1\"><img loading=\"lazy\" class=\"aligncenter  wp-image-676\" src=\"http:\/\/www.espoonlahdenteatteri.fi\/wp-content\/uploads\/2020\/01\/Ministerin-juliste-kuvana.jpg\" alt=\"\" width=\"561\" height=\"786\" srcset=\"http:\/\/www.espoonlahdenteatteri.fi\/wp-content\/uploads\/2020\/01\/Ministerin-juliste-kuvana.jpg 1013w, http:\/\/www.espoonlahdenteatteri.fi\/wp-content\/uploads\/2020\/01\/Ministerin-juliste-kuvana-214x300.jpg 214w, http:\/\/www.espoonlahdenteatteri.fi\/wp-content\/uploads\/2020\/01\/Ministerin-juliste-kuvana-768x1077.jpg 768w, http:\/\/www.espoonlahdenteatteri.fi\/wp-content\/uploads\/2020\/01\/Ministerin-juliste-kuvana-731x1024.jpg 731w\" sizes=\"(max-width: 561px) 100vw, 561px\" \/><\/h1>\n<h1><\/h1>\n<p><em>Kansanedustaja Jorma Venkulan ura poliitikkona on huikeassa nosteessa ja h\u00e4nelle on aukeamassa paikka uutena ministerin\u00e4! Menneisyyden sotkujen verkko alkaa kuitenkin kiristy\u00e4 uhkaavasti Jorman ymp\u00e4rill\u00e4. Saako Jorma avustajineen pelastettua ministerinpallin vai kaatuvatko haaveet menneisyyden pelien paljastumiseen?<\/em><\/p>\n<p>Minustako ministeri on Olli Tolan kirjoittama, lukuisia k\u00e4\u00e4nteit\u00e4 sis\u00e4lt\u00e4v\u00e4 farssi t\u00e4ynn\u00e4 salarakkaita, poliittisia lehm\u00e4nkauppoja ja juonittelua. Tola on maan t\u00e4rkeimpi\u00e4 farssin ja komedian taitajia eik\u00e4 t\u00e4st\u00e4k\u00e4\u00e4n tekstist\u00e4 vauhtia puutu!<\/p>\n<p>Espoonlahden teatterille esityksen ohjaa Antti Wuokko.<\/p>\n<div><a href=\"http:\/\/teatterinna.blogspot.com\/2020\/03\/minustako-ministeri-espoonlahden.html?m=1\" target=\"_blank\" rel=\"noopener noreferrer\" data-saferedirecturl=\"https:\/\/www.google.com\/url?q=http:\/\/teatterinna.blogspot.com\/2020\/03\/minustako-ministeri-espoonlahden.html?m%3D1&amp;source=gmail&amp;ust=1590555693522000&amp;usg=AFQjCNECvpZEMEiMUa5FMznfc5FB8uDhkw\">http:\/\/teatterinna.blogspot.<wbr \/>com\/2020\/03\/minustako-<wbr \/>ministeri-espoonlahden.html?m=<wbr \/>1<\/a><\/div>\n<div><\/div>\n<div><a href=\"http:\/\/www.terapiasiljamaki.fi\/tag\/espoonlahden-teatteri\/\" target=\"_blank\" rel=\"noopener noreferrer\" data-saferedirecturl=\"https:\/\/www.google.com\/url?q=http:\/\/www.terapiasiljamaki.fi\/tag\/espoonlahden-teatteri\/&amp;source=gmail&amp;ust=1590555693522000&amp;usg=AFQjCNHOEEtq1ceug_zr_iq50zK9GJhy9Q\">http:\/\/www.terapiasiljamaki.<wbr \/>fi\/tag\/espoonlahden-teatteri\/<\/a><\/div>\n<p>Rooleissa<br \/>\nJorma Venkula &#8211; Jyrki Lepom\u00e4ki<br \/>\nNoora Venkula &#8211; Anni Kurkela<br \/>\nAnu Valkama &#8211; Tanja Talvensalo<br \/>\nSampo Kinnas &#8211; Emppu Jurvanen<br \/>\nTytti Jurmu &#8211; Katri Thurman<br \/>\nSara Lundin &#8211; Janita Roine<br \/>\nUrpo Ter\u00e4v\u00e4 &#8211; Jarmo Lius \/ Esa Paukku<br \/>\nSanna Patjas &#8211; Janina Kytt\u00e4<br \/>\nSami Tykki &#8211; Mikko Lauronen<\/p>\n<p>lis\u00e4ksi ty\u00f6ryhm\u00e4ss\u00e4<br \/>\nJenni Rissanen<br \/>\nHarri Kallio<br \/>\nSatu Grekin<\/p>\n<p>Minustako ministeri saa ensi-iltansa 1.3.2020. Muut esitykset ovat maaliskuussa tiistaisin ja sunnuntaisin. Esityspaikkana toimii Matinkyl\u00e4n monitoimitalon teatterisali Espoossa (Matinraitti 17).<\/p>\n<p>Esityksen kesto noin 2h 30min sis\u00e4lt\u00e4\u00e4 v\u00e4liajan.<br \/>\nV\u00e4liajalla buffa.<\/p>\n","protected":false},"excerpt":{"rendered":"<p>Kansanedustaja Jorma Venkulan ura poliitikkona on huikeassa nosteessa ja h\u00e4nelle on aukeamassa paikka uutena ministerin\u00e4! Menneisyyden sotkujen verkko alkaa kuitenkin kiristy\u00e4 uhkaavasti Jorman ymp\u00e4rill\u00e4. Saako Jorma avustajineen pelastettua ministerinpallin vai kaatuvatko haaveet menneisyyden pelien paljastumiseen? Minustako ministeri on Olli Tolan kirjoittama, lukuisia k\u00e4\u00e4nteit\u00e4 sis\u00e4lt\u00e4v\u00e4 farssi t\u00e4ynn\u00e4 salarakkaita, poliittisia lehm\u00e4nkauppoja ja juonittelua. Tola on maan t\u00e4rkeimpi\u00e4 [&hellip;]<\/p>\n","protected":false},"author":1,"featured_media":0,"parent":0,"menu_order":2,"comment_status":"closed","ping_status":"closed","template":"","meta":[],"_links":{"self":[{"href":"http:\/\/www.espoonlahdenteatteri.fi\/index.php?rest_route=\/wp\/v2\/pages\/442"}],"collection":[{"href":"http:\/\/www.espoonlahdenteatteri.fi\/index.php?rest_route=\/wp\/v2\/pages"}],"about":[{"href":"http:\/\/www.espoonlahdenteatteri.fi\/index.php?rest_route=\/wp\/v2\/types\/page"}],"author":[{"embeddable":true,"href":"http:\/\/www.espoonlahdenteatteri.fi\/index.php?rest_route=\/wp\/v2\/users\/1"}],"replies":[{"embeddable":true,"href":"http:\/\/www.espoonlahdenteatteri.fi\/index.php?rest_route=%2Fwp%2Fv2%2Fcomments&post=442"}],"version-history":[{"count":59,"href":"http:\/\/www.espoonlahdenteatteri.fi\/index.php?rest_route=\/wp\/v2\/pages\/442\/revisions"}],"predecessor-version":[{"id":923,"href":"http:\/\/www.espoonlahdenteatteri.fi\/index.php?rest_route=\/wp\/v2\/pages\/442\/revisions\/923"}],"wp:attachment":[{"href":"http:\/\/www.espoonlahdenteatteri.fi\/index.php?rest_route=%2Fwp%2Fv2%2Fmedia&parent=442"}],"curies":[{"name":"wp","href":"https:\/\/api.w.org\/{rel}","templated":true}]}}